{"id":9956,"date":"2022-11-11T03:29:36","date_gmt":"2022-11-11T03:29:36","guid":{"rendered":"http:\/\/industriesprecisionplus.com\/?page_id=9956"},"modified":"2022-11-23T20:22:22","modified_gmt":"2022-11-23T20:22:22","slug":"contact-us","status":"publish","type":"page","link":"https:\/\/industriesprecisionplus.com\/en\/contact-us\/","title":{"rendered":"Contact Us"},"content":{"rendered":"<section class=\"wpb-content-wrapper\"><style type=\"text\/css\" data-type=\"vc_cmsms_shortcodes-custom-css\"><\/style><p>[vc_row full_width=&#8221;stretch_row_content_no_spaces&#8221; css=&#8221;.vc_custom_1519121501343{margin-top: 0px !important;margin-right: 0px !important;margin-bottom: 0px !important;margin-left: 0px !important;border-top-width: 0px !important;border-right-width: 0px !important;border-bottom-width: 0px !important;border-left-width: 0px !important;padding-top: 0px !important;padding-right: 0px !important;padding-bottom: 0px !important;padding-left: 0px !important;border-left-style: none !important;border-right-style: none !important;border-top-style: none !important;border-bottom-style: none !important;}&#8221;][vc_column css_animation=&#8221;bounceInDown&#8221; css=&#8221;.vc_custom_1590628667295{margin-top: 0px !important;margin-right: 0px !important;margin-bottom: 0px !important;margin-left: 0px !important;border-top-width: 0px !important;border-right-width: 0px !important;border-bottom-width: 0px !important;border-left-width: 0px !important;padding-top: 0px !important;padding-right: 0px !important;padding-bottom: 0px !important;padding-left: 0px !important;border-left-style: none !important;border-right-style: none !important;border-top-style: none !important;border-bottom-style: none !important;}&#8221;][vc_column_text css=&#8221;.vc_custom_1669134028317{margin-top: 0px !important;margin-right: 0px !important;margin-bottom: 0px !important;margin-left: 0px !important;padding-top: 0px !important;padding-right: 0px !important;padding-bottom: 0px !important;padding-left: 0px !important;}&#8221;]<iframe loading=\"lazy\" style=\"border: 0;\" src=\"https:\/\/www.google.com\/maps\/embed?pb=!1m14!1m8!1m3!1d51801.95879941826!2d-73.59628908890066!3d45.3835063334423!3m2!1i1024!2i768!4f13.1!3m3!1m2!1s0x0%3A0xaeed30d1b12c3e01!2sIndustries%20Precision%20Plus!5e0!3m2!1sfr!2sca!4v1655793829023!5m2!1sen!2sca\" width=\"100%\" height=\"420\" allowfullscreen=\"allowfullscreen\"><span data-mce-type=\"bookmark\" style=\"display: inline-block; width: 0px; overflow: hidden; line-height: 0;\" class=\"mce_SELRES_start\">\ufeff<\/span><\/iframe>[\/vc_column_text][\/vc_column][\/vc_row][vc_row css=&#8221;.vc_custom_1655814422188{margin-top: 10px !important;margin-bottom: 30px !important;}&#8221;][vc_column css_animation=&#8221;fadeInUpBig&#8221; width=&#8221;1\/3&#8243; css=&#8221;.vc_custom_1655814272059{margin-top: -50px !important;margin-bottom: 20px !important;padding-top: 60px !important;padding-right: 40px !important;padding-bottom: 50px !important;padding-left: 40px !important;background-color: #035c86 !important;}&#8221; offset=&#8221;vc_col-lg-3&#8243; el_class=&#8221;contactpannel&#8221;][vc_custom_heading text=&#8221;Industries Pr\u00e9cision Plus inc.&#8221; font_container=&#8221;tag:h3|font_size:24|text_align:left|color:%23ffffff&#8221; use_theme_fonts=&#8221;yes&#8221;][vc_column_text css=&#8221;.vc_custom_1655813822107{margin-bottom: 0px !important;}&#8221;]<span style=\"color: #ffffff;\">1565 Rue Jean-Lacha\u00eene,<br \/>\nSainte-Catherine, QC J5C 1C2<\/span>[\/vc_column_text][cmsms_icon_box icon=&#8221;Theme-Default-Icons-phone-4&#8243; title_tag=&#8221;h2&#8243; subtitle_tag=&#8221;p&#8221; uniqid=&#8221;cmsms_shcd_62b1b855605777_96054325&#8243; custom_typography=&#8221;true&#8221; box_settings=&#8221;true&#8221; subtitle=&#8221;450-635-8685&#8243; title_font_family=&#8221;font_family:|font_call:&#8221; link=&#8221;url:tel%3A%2B1.4506358685&#8243; subtitle_color=&#8221;#ffffff&#8221; box_bg_color=&#8221;rgba(255,255,255,0.01)&#8221; box_bd_color=&#8221;rgba(255,255,255,0.01)&#8221; icon_size=&#8221;16&#8243; icon_padding=&#8221;10&#8243; icon_border=&#8221;0&#8243; icon_gap=&#8221;0&#8243; icon_color=&#8221;#ffffff&#8221; css=&#8221;.vc_custom_1655814235561{margin-top: 25px !important;margin-bottom: 0px !important;}&#8221;][cmsms_icon_box icon=&#8221;Theme-Default-Icons-phone-4&#8243; title_tag=&#8221;h2&#8243; subtitle_tag=&#8221;p&#8221; uniqid=&#8221;cmsms_shcd_62b1b7b3a87555_40217562&#8243; custom_typography=&#8221;true&#8221; box_settings=&#8221;true&#8221; subtitle=&#8221;1-877 635-8685&#8243; title_font_family=&#8221;font_family:|font_call:&#8221; link=&#8221;url:tel%3A%2B1.8776358685&#8243; subtitle_color=&#8221;#ffffff&#8221; box_bg_color=&#8221;rgba(255,255,255,0.01)&#8221; box_bd_color=&#8221;rgba(255,255,255,0.01)&#8221; icon_size=&#8221;16&#8243; icon_padding=&#8221;10&#8243; icon_border=&#8221;0&#8243; icon_gap=&#8221;0&#8243; icon_color=&#8221;#ffffff&#8221; css=&#8221;.vc_custom_1655814083781{margin-top: 0px !important;margin-bottom: 0px !important;}&#8221;][cmsms_icon_box icon=&#8221;Theme-Default-Icons-mail-3&#8243; title_tag=&#8221;h2&#8243; subtitle_tag=&#8221;p&#8221; uniqid=&#8221;cmsms_shcd_62b1c2fbd976c2_82906611&#8243; custom_typography=&#8221;true&#8221; box_settings=&#8221;true&#8221; subtitle=&#8221;ventes@iprecisionplus.com&#8221; title_font_family=&#8221;font_family:|font_call:&#8221; link=&#8221;url:mailto%3Aventes%40iprecisionplus.com&#8221; subtitle_color=&#8221;#ffffff&#8221; box_bg_color=&#8221;rgba(255,255,255,0.01)&#8221; box_bd_color=&#8221;rgba(255,255,255,0.01)&#8221; icon_size=&#8221;16&#8243; icon_padding=&#8221;10&#8243; icon_border=&#8221;0&#8243; icon_gap=&#8221;0&#8243; icon_color=&#8221;#ffffff&#8221; css=&#8221;.vc_custom_1655816977110{margin-top: 0px !important;margin-bottom: 0px !important;}&#8221;][\/vc_column][vc_column css_animation=&#8221;fadeInRightBig&#8221; width=&#8221;2\/3&#8243; css=&#8221;.vc_custom_1590628634162{margin-top: 30px !important;border-top-width: 0px !important;padding-top: 0px !important;padding-right: 60px !important;padding-left: 60px !important;}&#8221; offset=&#8221;vc_col-lg-9&#8243;][vc_custom_heading text=&#8221;You have questions? We have answers!&#8221; font_container=&#8221;tag:h2|font_size:22px|text_align:left|line_height:30px&#8221; use_theme_fonts=&#8221;yes&#8221; css=&#8221;.vc_custom_1669127291129{padding-bottom: 0px !important;}&#8221;]\n<div class=\"wpcf7 no-js\" id=\"wpcf7-f9999-o1\" lang=\"en-US\" dir=\"ltr\" data-wpcf7-id=\"9999\">\n<div class=\"screen-reader-response\"><p role=\"status\" aria-live=\"polite\" aria-atomic=\"true\"><\/p> <ul><\/ul><\/div>\n<form action=\"\/en\/wp-json\/wp\/v2\/pages\/9956#wpcf7-f9999-o1\" method=\"post\" class=\"wpcf7-form init\" aria-label=\"Contact form\" novalidate=\"novalidate\" data-status=\"init\">\n<fieldset class=\"hidden-fields-container\"><input type=\"hidden\" name=\"_wpcf7\" value=\"9999\" \/><input type=\"hidden\" name=\"_wpcf7_version\" value=\"6.1.5\" \/><input type=\"hidden\" name=\"_wpcf7_locale\" value=\"en_US\" \/><input type=\"hidden\" name=\"_wpcf7_unit_tag\" value=\"wpcf7-f9999-o1\" \/><input type=\"hidden\" name=\"_wpcf7_container_post\" value=\"0\" \/><input type=\"hidden\" name=\"_wpcf7_posted_data_hash\" value=\"\" \/><input type=\"hidden\" name=\"_wpcf7_recaptcha_response\" value=\"\" \/>\n<\/fieldset>\n<div class=\"cmsms_form\">\n\t<div class=\"cmsms_form_third\">\n\t\t<p><span class=\"wpcf7-form-control-wrap\" data-name=\"your-name\"><input size=\"40\" maxlength=\"400\" class=\"wpcf7-form-control wpcf7-text wpcf7-validates-as-required\" aria-required=\"true\" aria-invalid=\"false\" placeholder=\"Name *\" value=\"\" type=\"text\" name=\"your-name\" \/><\/span>\n\t\t<\/p>\n\t<\/div>\n\t<div class=\"cmsms_form_third\">\n\t\t<p><span class=\"wpcf7-form-control-wrap\" data-name=\"your-phone\"><input size=\"40\" maxlength=\"400\" class=\"wpcf7-form-control wpcf7-text\" aria-invalid=\"false\" placeholder=\"Phone\" value=\"\" type=\"text\" name=\"your-phone\" \/><\/span>\n\t\t<\/p>\n\t<\/div>\n\t<div class=\"cmsms_form_third\">\n\t\t<p><span class=\"wpcf7-form-control-wrap\" data-name=\"your-email\"><input size=\"40\" maxlength=\"400\" class=\"wpcf7-form-control wpcf7-email wpcf7-validates-as-required wpcf7-text wpcf7-validates-as-email\" aria-required=\"true\" aria-invalid=\"false\" placeholder=\"E-mail *\" value=\"\" type=\"email\" name=\"your-email\" \/><\/span>\n\t\t<\/p>\n\t<\/div>\n\t<div class=\"cmsms_form_full\">\n\t\t<p><span class=\"wpcf7-form-control-wrap\" data-name=\"your-message\"><textarea cols=\"40\" rows=\"10\" maxlength=\"2000\" class=\"wpcf7-form-control wpcf7-textarea\" aria-invalid=\"false\" placeholder=\"Questions \/ Comments\" name=\"your-message\"><\/textarea><\/span>\n\t\t<\/p>\n\t<\/div>\n\t<div class=\"cmsms_form_full\">\n\t\t<p><input class=\"wpcf7-form-control wpcf7-submit has-spinner\" type=\"submit\" value=\"Send the message\" \/>\n\t\t<\/p>\n\t<\/div>\n<\/div><div class=\"wpcf7-response-output\" aria-hidden=\"true\"><\/div>\n<\/form>\n<\/div>\n[\/vc_column][\/vc_row][vc_row css_animation=&#8221;fadeInUpBig&#8221; css=&#8221;.vc_custom_1655814479494{margin-bottom: 50px !important;}&#8221;][vc_column width=&#8221;1\/4&#8243;][vc_column_text]<strong>Sylvain Pelland<br \/>\nPresident<\/strong><br \/>\n<a href=\"mailto:s.pelland@iprecisionplus.com\">s.pelland@iprecisionplus.com<\/a>[\/vc_column_text][\/vc_column][vc_column width=&#8221;1\/4&#8243;][vc_column_text]<strong>Andr\u00e9 Manseau<br \/>\nSales Coordinator<\/strong><br \/>\n<a href=\"mailto:a.manseau@iprecisionplus.com\">a.manseau@iprecisionplus.com<\/a>[\/vc_column_text][\/vc_column][vc_column width=&#8221;1\/4&#8243;][vc_column_text]<strong>Marc Latreille<\/strong><br \/>\n<strong>Sales Coordinator<\/strong><br \/>\n<a href=\"mailto:m.latreille@iprecisionplus.com\">m.latreille@iprecisionplus.com<\/a>[\/vc_column_text][\/vc_column][vc_column width=&#8221;1\/4&#8243;][vc_column_text]<strong>Account department<\/strong><br \/>\n<strong>Administration<\/strong><br \/>\n<a href=\"mailto:comptabilite@iprecisionplus.com\">comptabilite@iprecisionplus.com<\/a>[\/vc_column_text][\/vc_column][\/vc_row]<\/p>\n<\/section>","protected":false},"excerpt":{"rendered":"<p>[vc_row full_width=&#8221;stretch_row_content_no_spaces&#8221; css=&#8221;.vc_custom_1519121501343{margin-top: 0px !important;margin-right: 0px !important;margin-bottom: 0px !important;margin-left: 0px !important;border-top-width: 0px !important;border-right-width: 0px !important;border-bottom-width: 0px !important;border-left-width: 0px !important;padding-top: 0px !important;padding-right: 0px !important;padding-bottom: 0px !important;padding-left: 0px !important;border-left-style: none !important;border-right-style: none !important;border-top-style: none !important;border-bottom-style: none !important;}&#8221;][vc_column css_animation=&#8221;bounceInDown&#8221; css=&#8221;.vc_custom_1590628667295{margin-top: 0px !important;margin-right: 0px !important;margin-bottom: 0px !important;margin-left: 0px !important;border-top-width: 0px !important;border-right-width: 0px !important;border-bottom-width: 0px !important;border-left-width: 0px !important;padding-top: 0px !important;padding-right:&#8230;<\/p>\n","protected":false},"author":1,"featured_media":0,"parent":0,"menu_order":0,"comment_status":"closed","ping_status":"closed","template":"","meta":{"footnotes":""},"class_list":["post-9956","page","type-page","status-publish","hentry"],"yoast_head":"<!-- This site is optimized with the Yoast SEO plugin v27.4 - https:\/\/yoast.com\/product\/yoast-seo-wordpress\/ -->\n<title>Contact Us - Industries Pr\u00e9cision Plus inc.<\/title>\n<meta name=\"robots\" content=\"index, follow, max-snippet:-1, max-image-preview:large, max-video-preview:-1\" \/>\n<link rel=\"canonical\" href=\"https:\/\/industriesprecisionplus.com\/en\/contact-us\/\" \/>\n<meta property=\"og:locale\" content=\"en_US\" \/>\n<meta property=\"og:type\" content=\"article\" \/>\n<meta property=\"og:title\" content=\"Contact Us - Industries Pr\u00e9cision Plus inc.\" \/>\n<meta property=\"og:description\" content=\"[vc_row full_width=&#8221;stretch_row_content_no_spaces&#8221; css=&#8221;.vc_custom_1519121501343{margin-top: 0px !important;margin-right: 0px !important;margin-bottom: 0px !important;margin-left: 0px !important;border-top-width: 0px !important;border-right-width: 0px !important;border-bottom-width: 0px !important;border-left-width: 0px !important;padding-top: 0px !important;padding-right: 0px !important;padding-bottom: 0px !important;padding-left: 0px !important;border-left-style: none !important;border-right-style: none !important;border-top-style: none !important;border-bottom-style: none !important;}&#8221;][vc_column css_animation=&#8221;bounceInDown&#8221; css=&#8221;.vc_custom_1590628667295{margin-top: 0px !important;margin-right: 0px !important;margin-bottom: 0px !important;margin-left: 0px !important;border-top-width: 0px !important;border-right-width: 0px !important;border-bottom-width: 0px !important;border-left-width: 0px !important;padding-top: 0px !important;padding-right:...\" \/>\n<meta property=\"og:url\" content=\"https:\/\/industriesprecisionplus.com\/en\/contact-us\/\" \/>\n<meta property=\"og:site_name\" content=\"Industries Pr\u00e9cision Plus inc.\" \/>\n<meta property=\"article:modified_time\" content=\"2022-11-23T20:22:22+00:00\" \/>\n<meta name=\"twitter:card\" content=\"summary_large_image\" \/>\n<meta name=\"twitter:label1\" content=\"Est. reading time\" \/>\n\t<meta name=\"twitter:data1\" content=\"2 minutes\" \/>\n<script type=\"application\/ld+json\" class=\"yoast-schema-graph\">{\"@context\":\"https:\\\/\\\/schema.org\",\"@graph\":[{\"@type\":\"WebPage\",\"@id\":\"https:\\\/\\\/industriesprecisionplus.com\\\/en\\\/contact-us\\\/\",\"url\":\"https:\\\/\\\/industriesprecisionplus.com\\\/en\\\/contact-us\\\/\",\"name\":\"Contact Us - Industries Pr\u00e9cision Plus inc.\",\"isPartOf\":{\"@id\":\"https:\\\/\\\/industriesprecisionplus.com\\\/#website\"},\"datePublished\":\"2022-11-11T03:29:36+00:00\",\"dateModified\":\"2022-11-23T20:22:22+00:00\",\"breadcrumb\":{\"@id\":\"https:\\\/\\\/industriesprecisionplus.com\\\/en\\\/contact-us\\\/#breadcrumb\"},\"inLanguage\":\"en-US\",\"potentialAction\":[{\"@type\":\"ReadAction\",\"target\":[\"https:\\\/\\\/industriesprecisionplus.com\\\/en\\\/contact-us\\\/\"]}]},{\"@type\":\"BreadcrumbList\",\"@id\":\"https:\\\/\\\/industriesprecisionplus.com\\\/en\\\/contact-us\\\/#breadcrumb\",\"itemListElement\":[{\"@type\":\"ListItem\",\"position\":1,\"name\":\"Accueil\",\"item\":\"https:\\\/\\\/industriesprecisionplus.com\\\/en\\\/\"},{\"@type\":\"ListItem\",\"position\":2,\"name\":\"Contact Us\"}]},{\"@type\":\"WebSite\",\"@id\":\"https:\\\/\\\/industriesprecisionplus.com\\\/#website\",\"url\":\"https:\\\/\\\/industriesprecisionplus.com\\\/\",\"name\":\"Industries Pr\u00e9cision Plus inc.\",\"description\":\"Manufacturier de lampadaires d\u2019acier, installation, peinture industrielle en poudre \u00e9lectrostatique thermodurcissable, sablage au jet d\u2019acier et fabrication de pi\u00e8ces sur mesure destin\u00e9es \u00e0 l\u2019\u00e9clairage ext\u00e9rieur et int\u00e9rieur\",\"potentialAction\":[{\"@type\":\"SearchAction\",\"target\":{\"@type\":\"EntryPoint\",\"urlTemplate\":\"https:\\\/\\\/industriesprecisionplus.com\\\/?s={search_term_string}\"},\"query-input\":{\"@type\":\"PropertyValueSpecification\",\"valueRequired\":true,\"valueName\":\"search_term_string\"}}],\"inLanguage\":\"en-US\"}]}<\/script>\n<!-- \/ Yoast SEO plugin. -->","yoast_head_json":{"title":"Contact Us - Industries Pr\u00e9cision Plus inc.","robots":{"index":"index","follow":"follow","max-snippet":"max-snippet:-1","max-image-preview":"max-image-preview:large","max-video-preview":"max-video-preview:-1"},"canonical":"https:\/\/industriesprecisionplus.com\/en\/contact-us\/","og_locale":"en_US","og_type":"article","og_title":"Contact Us - Industries Pr\u00e9cision Plus inc.","og_description":"[vc_row full_width=&#8221;stretch_row_content_no_spaces&#8221; css=&#8221;.vc_custom_1519121501343{margin-top: 0px !important;margin-right: 0px !important;margin-bottom: 0px !important;margin-left: 0px !important;border-top-width: 0px !important;border-right-width: 0px !important;border-bottom-width: 0px !important;border-left-width: 0px !important;padding-top: 0px !important;padding-right: 0px !important;padding-bottom: 0px !important;padding-left: 0px !important;border-left-style: none !important;border-right-style: none !important;border-top-style: none !important;border-bottom-style: none !important;}&#8221;][vc_column css_animation=&#8221;bounceInDown&#8221; css=&#8221;.vc_custom_1590628667295{margin-top: 0px !important;margin-right: 0px !important;margin-bottom: 0px !important;margin-left: 0px !important;border-top-width: 0px !important;border-right-width: 0px !important;border-bottom-width: 0px !important;border-left-width: 0px !important;padding-top: 0px !important;padding-right:...","og_url":"https:\/\/industriesprecisionplus.com\/en\/contact-us\/","og_site_name":"Industries Pr\u00e9cision Plus inc.","article_modified_time":"2022-11-23T20:22:22+00:00","twitter_card":"summary_large_image","twitter_misc":{"Est. reading time":"2 minutes"},"schema":{"@context":"https:\/\/schema.org","@graph":[{"@type":"WebPage","@id":"https:\/\/industriesprecisionplus.com\/en\/contact-us\/","url":"https:\/\/industriesprecisionplus.com\/en\/contact-us\/","name":"Contact Us - Industries Pr\u00e9cision Plus inc.","isPartOf":{"@id":"https:\/\/industriesprecisionplus.com\/#website"},"datePublished":"2022-11-11T03:29:36+00:00","dateModified":"2022-11-23T20:22:22+00:00","breadcrumb":{"@id":"https:\/\/industriesprecisionplus.com\/en\/contact-us\/#breadcrumb"},"inLanguage":"en-US","potentialAction":[{"@type":"ReadAction","target":["https:\/\/industriesprecisionplus.com\/en\/contact-us\/"]}]},{"@type":"BreadcrumbList","@id":"https:\/\/industriesprecisionplus.com\/en\/contact-us\/#breadcrumb","itemListElement":[{"@type":"ListItem","position":1,"name":"Accueil","item":"https:\/\/industriesprecisionplus.com\/en\/"},{"@type":"ListItem","position":2,"name":"Contact Us"}]},{"@type":"WebSite","@id":"https:\/\/industriesprecisionplus.com\/#website","url":"https:\/\/industriesprecisionplus.com\/","name":"Industries Pr\u00e9cision Plus inc.","description":"Manufacturier de lampadaires d\u2019acier, installation, peinture industrielle en poudre \u00e9lectrostatique thermodurcissable, sablage au jet d\u2019acier et fabrication de pi\u00e8ces sur mesure destin\u00e9es \u00e0 l\u2019\u00e9clairage ext\u00e9rieur et int\u00e9rieur","potentialAction":[{"@type":"SearchAction","target":{"@type":"EntryPoint","urlTemplate":"https:\/\/industriesprecisionplus.com\/?s={search_term_string}"},"query-input":{"@type":"PropertyValueSpecification","valueRequired":true,"valueName":"search_term_string"}}],"inLanguage":"en-US"}]}},"_links":{"self":[{"href":"https:\/\/industriesprecisionplus.com\/en\/wp-json\/wp\/v2\/pages\/9956","targetHints":{"allow":["GET"]}}],"collection":[{"href":"https:\/\/industriesprecisionplus.com\/en\/wp-json\/wp\/v2\/pages"}],"about":[{"href":"https:\/\/industriesprecisionplus.com\/en\/wp-json\/wp\/v2\/types\/page"}],"author":[{"embeddable":true,"href":"https:\/\/industriesprecisionplus.com\/en\/wp-json\/wp\/v2\/users\/1"}],"replies":[{"embeddable":true,"href":"https:\/\/industriesprecisionplus.com\/en\/wp-json\/wp\/v2\/comments?post=9956"}],"version-history":[{"count":0,"href":"https:\/\/industriesprecisionplus.com\/en\/wp-json\/wp\/v2\/pages\/9956\/revisions"}],"wp:attachment":[{"href":"https:\/\/industriesprecisionplus.com\/en\/wp-json\/wp\/v2\/media?parent=9956"}],"curies":[{"name":"wp","href":"https:\/\/api.w.org\/{rel}","templated":true}]}}