{"id":9947,"date":"2022-11-11T03:26:25","date_gmt":"2022-11-11T03:26:25","guid":{"rendered":"http:\/\/industriesprecisionplus.com\/?page_id=9947"},"modified":"2022-11-22T15:56:17","modified_gmt":"2022-11-22T15:56:17","slug":"career","status":"publish","type":"page","link":"https:\/\/industriesprecisionplus.com\/en\/career\/","title":{"rendered":"Career"},"content":{"rendered":"<section class=\"wpb-content-wrapper\"><style type=\"text\/css\" data-type=\"vc_cmsms_shortcodes-custom-css\"><\/style><p>[vc_row full_width=&#8221;stretch_row&#8221; parallax=&#8221;content-moving-fade&#8221; parallax_image=&#8221;9877&#8243; css_animation=&#8221;none&#8221; parallax_content=&#8221;off&#8221; fadeout_row=&#8221;fadeout_row_value&#8221; fadeout_start_effect=&#8221;70&#8243; enable_overlay=&#8221;enable_overlay_value&#8221; overlay_color=&#8221;rgba(17,17,17,0.78)&#8221; seperator_enable=&#8221;off&#8221; css=&#8221;.vc_custom_1666882528409{margin-bottom: 0px !important;}&#8221;][vc_column][vc_custom_heading text=&#8221;Job offers&#8221; font_container=&#8221;tag:h2|font_size:56|text_align:center|color:%23ffffff|line_height:74px&#8221; google_fonts=&#8221;font_family:Adamina%3Aregular|font_style:400%20regular%3A400%3Anormal&#8221; css=&#8221;.vc_custom_1669125901368{margin-bottom: 15px !important;}&#8221;][vc_custom_heading text=&#8221;Industries Pr\u00e9cision Plus inc.&#8221; font_container=&#8221;tag:h2|text_align:center|color:%23ffffff&#8221; google_fonts=&#8221;font_family:Adamina%3Aregular|font_style:400%20regular%3A400%3Anormal&#8221; css=&#8221;.vc_custom_1655793220567{padding-bottom: 30px !important;}&#8221;][\/vc_column][\/vc_row][vc_row css=&#8221;.vc_custom_1590631512486{margin-top: 50px !important;margin-bottom: 30px !important;}&#8221;][vc_column css_animation=&#8221;fadeInLeftBig&#8221; width=&#8221;3\/5&#8243; css=&#8221;.vc_custom_1590629421300{padding-right: 20px !important;padding-left: 10px !important;}&#8221;][vc_custom_heading text=&#8221;Faites partie de notre \u00e9quipe!&#8221; font_container=&#8221;tag:h2|font_size:22px|text_align:left|line_height:24px&#8221; use_theme_fonts=&#8221;yes&#8221; css=&#8221;.vc_custom_1605637392767{padding-top: 0px !important;}&#8221;][vc_column_text]We understand that being a good employer benefits everyone. This is why we want to recruit high-performing candidates and keep them as long as possible within our company by focusing on:<\/p>\n<ul>\n<li>respect and collaboration;<\/li>\n<li>the working atmosphere;<\/li>\n<li>health and well-being.<\/li>\n<\/ul>\n<p><strong>If you are looking for a stimulating and dynamic work environment, join the team by filling out the Application Form.<\/strong>[\/vc_column_text][vc_single_image image=&#8221;9871&#8243; img_size=&#8221;large&#8221;][\/vc_column][vc_column css_animation=&#8221;fadeInRightBig&#8221; width=&#8221;2\/5&#8243; css=&#8221;.vc_custom_1590631590156{padding-top: 30px !important;padding-right: 30px !important;padding-bottom: 30px !important;padding-left: 30px !important;background-color: #e0e0e0 !important;}&#8221;][vc_custom_heading text=&#8221;Application Form&#8221; font_container=&#8221;tag:h2|font_size:22px|text_align:left|color:%23658caf|line_height:24px&#8221; use_theme_fonts=&#8221;yes&#8221; css=&#8221;.vc_custom_1669126075701{padding-bottom: 10px !important;}&#8221;]\n<div class=\"wpcf7 no-js\" id=\"wpcf7-f9996-o1\" lang=\"en-US\" dir=\"ltr\" data-wpcf7-id=\"9996\">\n<div class=\"screen-reader-response\"><p role=\"status\" aria-live=\"polite\" aria-atomic=\"true\"><\/p> <ul><\/ul><\/div>\n<form action=\"\/en\/wp-json\/wp\/v2\/pages\/9947#wpcf7-f9996-o1\" method=\"post\" class=\"wpcf7-form init\" aria-label=\"Contact form\" enctype=\"multipart\/form-data\" novalidate=\"novalidate\" data-status=\"init\">\n<fieldset class=\"hidden-fields-container\"><input type=\"hidden\" name=\"_wpcf7\" value=\"9996\" \/><input type=\"hidden\" name=\"_wpcf7_version\" value=\"6.1.5\" \/><input type=\"hidden\" name=\"_wpcf7_locale\" value=\"en_US\" \/><input type=\"hidden\" name=\"_wpcf7_unit_tag\" value=\"wpcf7-f9996-o1\" \/><input type=\"hidden\" name=\"_wpcf7_container_post\" value=\"0\" \/><input type=\"hidden\" name=\"_wpcf7_posted_data_hash\" value=\"\" \/><input type=\"hidden\" name=\"_wpcf7_recaptcha_response\" value=\"\" \/>\n<\/fieldset>\n<p><label><span class=\"wpcf7-form-control-wrap\" data-name=\"your-name\"><input size=\"40\" maxlength=\"400\" class=\"wpcf7-form-control wpcf7-text wpcf7-validates-as-required\" aria-required=\"true\" aria-invalid=\"false\" placeholder=\"Your name *\" value=\"\" type=\"text\" name=\"your-name\" \/><\/span> <\/label>\n<\/p>\n<p><label><span class=\"wpcf7-form-control-wrap\" data-name=\"your-email\"><input size=\"40\" maxlength=\"400\" class=\"wpcf7-form-control wpcf7-email wpcf7-validates-as-required wpcf7-text wpcf7-validates-as-email\" aria-required=\"true\" aria-invalid=\"false\" placeholder=\"E-mail *\" value=\"\" type=\"email\" name=\"your-email\" \/><\/span> <\/label>\n<\/p>\n<p><label><span class=\"wpcf7-form-control-wrap\" data-name=\"your-phone\"><input size=\"40\" maxlength=\"400\" class=\"wpcf7-form-control wpcf7-text\" aria-invalid=\"false\" placeholder=\"Phone\" value=\"\" type=\"text\" name=\"your-phone\" \/><\/span> <\/label>\n<\/p>\n<p><label>Your CV<br \/>\n<span class=\"wpcf7-form-control-wrap\" data-name=\"curriculumvitae\"><input size=\"40\" class=\"wpcf7-form-control wpcf7-file\" accept=\".pdf,.txt,.doc,.docx\" aria-invalid=\"false\" type=\"file\" name=\"curriculumvitae\" \/><\/span> <\/label>\n<\/p>\n<p><label><span class=\"wpcf7-form-control-wrap\" data-name=\"your-message\"><textarea cols=\"40\" rows=\"10\" maxlength=\"2000\" class=\"wpcf7-form-control wpcf7-textarea\" aria-invalid=\"false\" placeholder=\"Message \/ Questions\" name=\"your-message\"><\/textarea><\/span> <\/label>\n<\/p>\n<p><input class=\"wpcf7-form-control wpcf7-submit has-spinner\" type=\"submit\" value=\"Send\" \/>\n<\/p><div class=\"wpcf7-response-output\" aria-hidden=\"true\"><\/div>\n<\/form>\n<\/div>\n[\/vc_column][\/vc_row]<\/p>\n<\/section>","protected":false},"excerpt":{"rendered":"<p>[vc_row full_width=&#8221;stretch_row&#8221; parallax=&#8221;content-moving-fade&#8221; parallax_image=&#8221;9877&#8243; css_animation=&#8221;none&#8221; parallax_content=&#8221;off&#8221; fadeout_row=&#8221;fadeout_row_value&#8221; fadeout_start_effect=&#8221;70&#8243; enable_overlay=&#8221;enable_overlay_value&#8221; overlay_color=&#8221;rgba(17,17,17,0.78)&#8221; seperator_enable=&#8221;off&#8221; css=&#8221;.vc_custom_1666882528409{margin-bottom: 0px !important;}&#8221;][vc_column][vc_custom_heading text=&#8221;Job offers&#8221; font_container=&#8221;tag:h2|font_size:56|text_align:center|color:%23ffffff|line_height:74px&#8221; google_fonts=&#8221;font_family:Adamina%3Aregular|font_style:400%20regular%3A400%3Anormal&#8221; css=&#8221;.vc_custom_1669125901368{margin-bottom: 15px !important;}&#8221;][vc_custom_heading text=&#8221;Industries Pr\u00e9cision Plus inc.&#8221; font_container=&#8221;tag:h2|text_align:center|color:%23ffffff&#8221; google_fonts=&#8221;font_family:Adamina%3Aregular|font_style:400%20regular%3A400%3Anormal&#8221; css=&#8221;.vc_custom_1655793220567{padding-bottom: 30px !important;}&#8221;][\/vc_column][\/vc_row][vc_row css=&#8221;.vc_custom_1590631512486{margin-top: 50px !important;margin-bottom: 30px !important;}&#8221;][vc_column css_animation=&#8221;fadeInLeftBig&#8221; width=&#8221;3\/5&#8243; css=&#8221;.vc_custom_1590629421300{padding-right: 20px !important;padding-left: 10px !important;}&#8221;][vc_custom_heading text=&#8221;Faites partie de notre \u00e9quipe!&#8221; font_container=&#8221;tag:h2|font_size:22px|text_align:left|line_height:24px&#8221; use_theme_fonts=&#8221;yes&#8221; css=&#8221;.vc_custom_1605637392767{padding-top: 0px !important;}&#8221;][vc_column_text]We understand that being&#8230;<\/p>\n","protected":false},"author":1,"featured_media":0,"parent":0,"menu_order":0,"comment_status":"closed","ping_status":"closed","template":"","meta":{"footnotes":""},"class_list":["post-9947","page","type-page","status-publish","hentry"],"yoast_head":"<!-- This site is optimized with the Yoast SEO plugin v27.4 - https:\/\/yoast.com\/product\/yoast-seo-wordpress\/ -->\n<title>Career - Industries Pr\u00e9cision Plus inc.<\/title>\n<meta name=\"robots\" content=\"index, follow, max-snippet:-1, max-image-preview:large, max-video-preview:-1\" \/>\n<link rel=\"canonical\" href=\"https:\/\/industriesprecisionplus.com\/en\/career\/\" \/>\n<meta property=\"og:locale\" content=\"en_US\" \/>\n<meta property=\"og:type\" content=\"article\" \/>\n<meta property=\"og:title\" content=\"Career - Industries Pr\u00e9cision Plus inc.\" \/>\n<meta property=\"og:description\" content=\"[vc_row full_width=&#8221;stretch_row&#8221; parallax=&#8221;content-moving-fade&#8221; parallax_image=&#8221;9877&#8243; css_animation=&#8221;none&#8221; parallax_content=&#8221;off&#8221; fadeout_row=&#8221;fadeout_row_value&#8221; fadeout_start_effect=&#8221;70&#8243; enable_overlay=&#8221;enable_overlay_value&#8221; overlay_color=&#8221;rgba(17,17,17,0.78)&#8221; seperator_enable=&#8221;off&#8221; css=&#8221;.vc_custom_1666882528409{margin-bottom: 0px !important;}&#8221;][vc_column][vc_custom_heading text=&#8221;Job offers&#8221; font_container=&#8221;tag:h2|font_size:56|text_align:center|color:%23ffffff|line_height:74px&#8221; google_fonts=&#8221;font_family:Adamina%3Aregular|font_style:400%20regular%3A400%3Anormal&#8221; css=&#8221;.vc_custom_1669125901368{margin-bottom: 15px !important;}&#8221;][vc_custom_heading text=&#8221;Industries Pr\u00e9cision Plus inc.&#8221; font_container=&#8221;tag:h2|text_align:center|color:%23ffffff&#8221; google_fonts=&#8221;font_family:Adamina%3Aregular|font_style:400%20regular%3A400%3Anormal&#8221; css=&#8221;.vc_custom_1655793220567{padding-bottom: 30px !important;}&#8221;][\/vc_column][\/vc_row][vc_row css=&#8221;.vc_custom_1590631512486{margin-top: 50px !important;margin-bottom: 30px !important;}&#8221;][vc_column css_animation=&#8221;fadeInLeftBig&#8221; width=&#8221;3\/5&#8243; css=&#8221;.vc_custom_1590629421300{padding-right: 20px !important;padding-left: 10px !important;}&#8221;][vc_custom_heading text=&#8221;Faites partie de notre \u00e9quipe!&#8221; font_container=&#8221;tag:h2|font_size:22px|text_align:left|line_height:24px&#8221; use_theme_fonts=&#8221;yes&#8221; css=&#8221;.vc_custom_1605637392767{padding-top: 0px !important;}&#8221;][vc_column_text]We understand that being...\" \/>\n<meta property=\"og:url\" content=\"https:\/\/industriesprecisionplus.com\/en\/career\/\" \/>\n<meta property=\"og:site_name\" content=\"Industries Pr\u00e9cision Plus inc.\" \/>\n<meta property=\"article:modified_time\" content=\"2022-11-22T15:56:17+00:00\" \/>\n<meta name=\"twitter:card\" content=\"summary_large_image\" \/>\n<meta name=\"twitter:label1\" content=\"Est. reading time\" \/>\n\t<meta name=\"twitter:data1\" content=\"1 minute\" \/>\n<script type=\"application\/ld+json\" class=\"yoast-schema-graph\">{\"@context\":\"https:\\\/\\\/schema.org\",\"@graph\":[{\"@type\":\"WebPage\",\"@id\":\"https:\\\/\\\/industriesprecisionplus.com\\\/en\\\/career\\\/\",\"url\":\"https:\\\/\\\/industriesprecisionplus.com\\\/en\\\/career\\\/\",\"name\":\"Career - Industries Pr\u00e9cision Plus inc.\",\"isPartOf\":{\"@id\":\"https:\\\/\\\/industriesprecisionplus.com\\\/#website\"},\"datePublished\":\"2022-11-11T03:26:25+00:00\",\"dateModified\":\"2022-11-22T15:56:17+00:00\",\"breadcrumb\":{\"@id\":\"https:\\\/\\\/industriesprecisionplus.com\\\/en\\\/career\\\/#breadcrumb\"},\"inLanguage\":\"en-US\",\"potentialAction\":[{\"@type\":\"ReadAction\",\"target\":[\"https:\\\/\\\/industriesprecisionplus.com\\\/en\\\/career\\\/\"]}]},{\"@type\":\"BreadcrumbList\",\"@id\":\"https:\\\/\\\/industriesprecisionplus.com\\\/en\\\/career\\\/#breadcrumb\",\"itemListElement\":[{\"@type\":\"ListItem\",\"position\":1,\"name\":\"Accueil\",\"item\":\"https:\\\/\\\/industriesprecisionplus.com\\\/en\\\/\"},{\"@type\":\"ListItem\",\"position\":2,\"name\":\"Career\"}]},{\"@type\":\"WebSite\",\"@id\":\"https:\\\/\\\/industriesprecisionplus.com\\\/#website\",\"url\":\"https:\\\/\\\/industriesprecisionplus.com\\\/\",\"name\":\"Industries Pr\u00e9cision Plus inc.\",\"description\":\"Manufacturier de lampadaires d\u2019acier, installation, peinture industrielle en poudre \u00e9lectrostatique thermodurcissable, sablage au jet d\u2019acier et fabrication de pi\u00e8ces sur mesure destin\u00e9es \u00e0 l\u2019\u00e9clairage ext\u00e9rieur et int\u00e9rieur\",\"potentialAction\":[{\"@type\":\"SearchAction\",\"target\":{\"@type\":\"EntryPoint\",\"urlTemplate\":\"https:\\\/\\\/industriesprecisionplus.com\\\/?s={search_term_string}\"},\"query-input\":{\"@type\":\"PropertyValueSpecification\",\"valueRequired\":true,\"valueName\":\"search_term_string\"}}],\"inLanguage\":\"en-US\"}]}<\/script>\n<!-- \/ Yoast SEO plugin. -->","yoast_head_json":{"title":"Career - Industries Pr\u00e9cision Plus inc.","robots":{"index":"index","follow":"follow","max-snippet":"max-snippet:-1","max-image-preview":"max-image-preview:large","max-video-preview":"max-video-preview:-1"},"canonical":"https:\/\/industriesprecisionplus.com\/en\/career\/","og_locale":"en_US","og_type":"article","og_title":"Career - Industries Pr\u00e9cision Plus inc.","og_description":"[vc_row full_width=&#8221;stretch_row&#8221; parallax=&#8221;content-moving-fade&#8221; parallax_image=&#8221;9877&#8243; css_animation=&#8221;none&#8221; parallax_content=&#8221;off&#8221; fadeout_row=&#8221;fadeout_row_value&#8221; fadeout_start_effect=&#8221;70&#8243; enable_overlay=&#8221;enable_overlay_value&#8221; overlay_color=&#8221;rgba(17,17,17,0.78)&#8221; seperator_enable=&#8221;off&#8221; css=&#8221;.vc_custom_1666882528409{margin-bottom: 0px !important;}&#8221;][vc_column][vc_custom_heading text=&#8221;Job offers&#8221; font_container=&#8221;tag:h2|font_size:56|text_align:center|color:%23ffffff|line_height:74px&#8221; google_fonts=&#8221;font_family:Adamina%3Aregular|font_style:400%20regular%3A400%3Anormal&#8221; css=&#8221;.vc_custom_1669125901368{margin-bottom: 15px !important;}&#8221;][vc_custom_heading text=&#8221;Industries Pr\u00e9cision Plus inc.&#8221; font_container=&#8221;tag:h2|text_align:center|color:%23ffffff&#8221; google_fonts=&#8221;font_family:Adamina%3Aregular|font_style:400%20regular%3A400%3Anormal&#8221; css=&#8221;.vc_custom_1655793220567{padding-bottom: 30px !important;}&#8221;][\/vc_column][\/vc_row][vc_row css=&#8221;.vc_custom_1590631512486{margin-top: 50px !important;margin-bottom: 30px !important;}&#8221;][vc_column css_animation=&#8221;fadeInLeftBig&#8221; width=&#8221;3\/5&#8243; css=&#8221;.vc_custom_1590629421300{padding-right: 20px !important;padding-left: 10px !important;}&#8221;][vc_custom_heading text=&#8221;Faites partie de notre \u00e9quipe!&#8221; font_container=&#8221;tag:h2|font_size:22px|text_align:left|line_height:24px&#8221; use_theme_fonts=&#8221;yes&#8221; css=&#8221;.vc_custom_1605637392767{padding-top: 0px !important;}&#8221;][vc_column_text]We understand that being...","og_url":"https:\/\/industriesprecisionplus.com\/en\/career\/","og_site_name":"Industries Pr\u00e9cision Plus inc.","article_modified_time":"2022-11-22T15:56:17+00:00","twitter_card":"summary_large_image","twitter_misc":{"Est. reading time":"1 minute"},"schema":{"@context":"https:\/\/schema.org","@graph":[{"@type":"WebPage","@id":"https:\/\/industriesprecisionplus.com\/en\/career\/","url":"https:\/\/industriesprecisionplus.com\/en\/career\/","name":"Career - Industries Pr\u00e9cision Plus inc.","isPartOf":{"@id":"https:\/\/industriesprecisionplus.com\/#website"},"datePublished":"2022-11-11T03:26:25+00:00","dateModified":"2022-11-22T15:56:17+00:00","breadcrumb":{"@id":"https:\/\/industriesprecisionplus.com\/en\/career\/#breadcrumb"},"inLanguage":"en-US","potentialAction":[{"@type":"ReadAction","target":["https:\/\/industriesprecisionplus.com\/en\/career\/"]}]},{"@type":"BreadcrumbList","@id":"https:\/\/industriesprecisionplus.com\/en\/career\/#breadcrumb","itemListElement":[{"@type":"ListItem","position":1,"name":"Accueil","item":"https:\/\/industriesprecisionplus.com\/en\/"},{"@type":"ListItem","position":2,"name":"Career"}]},{"@type":"WebSite","@id":"https:\/\/industriesprecisionplus.com\/#website","url":"https:\/\/industriesprecisionplus.com\/","name":"Industries Pr\u00e9cision Plus inc.","description":"Manufacturier de lampadaires d\u2019acier, installation, peinture industrielle en poudre \u00e9lectrostatique thermodurcissable, sablage au jet d\u2019acier et fabrication de pi\u00e8ces sur mesure destin\u00e9es \u00e0 l\u2019\u00e9clairage ext\u00e9rieur et int\u00e9rieur","potentialAction":[{"@type":"SearchAction","target":{"@type":"EntryPoint","urlTemplate":"https:\/\/industriesprecisionplus.com\/?s={search_term_string}"},"query-input":{"@type":"PropertyValueSpecification","valueRequired":true,"valueName":"search_term_string"}}],"inLanguage":"en-US"}]}},"_links":{"self":[{"href":"https:\/\/industriesprecisionplus.com\/en\/wp-json\/wp\/v2\/pages\/9947","targetHints":{"allow":["GET"]}}],"collection":[{"href":"https:\/\/industriesprecisionplus.com\/en\/wp-json\/wp\/v2\/pages"}],"about":[{"href":"https:\/\/industriesprecisionplus.com\/en\/wp-json\/wp\/v2\/types\/page"}],"author":[{"embeddable":true,"href":"https:\/\/industriesprecisionplus.com\/en\/wp-json\/wp\/v2\/users\/1"}],"replies":[{"embeddable":true,"href":"https:\/\/industriesprecisionplus.com\/en\/wp-json\/wp\/v2\/comments?post=9947"}],"version-history":[{"count":0,"href":"https:\/\/industriesprecisionplus.com\/en\/wp-json\/wp\/v2\/pages\/9947\/revisions"}],"wp:attachment":[{"href":"https:\/\/industriesprecisionplus.com\/en\/wp-json\/wp\/v2\/media?parent=9947"}],"curies":[{"name":"wp","href":"https:\/\/api.w.org\/{rel}","templated":true}]}}