{"id":9937,"date":"2022-11-11T03:15:17","date_gmt":"2022-11-11T03:15:17","guid":{"rendered":"http:\/\/industriesprecisionplus.com\/?page_id=9937"},"modified":"2022-11-21T20:48:10","modified_gmt":"2022-11-21T20:48:10","slug":"about-us","status":"publish","type":"page","link":"https:\/\/industriesprecisionplus.com\/en\/about-us\/","title":{"rendered":"About Us"},"content":{"rendered":"<section class=\"wpb-content-wrapper\"><style type=\"text\/css\" data-type=\"vc_cmsms_shortcodes-custom-css\"><\/style><p>[vc_row full_width=&#8221;stretch_row&#8221; parallax=&#8221;content-moving-fade&#8221; parallax_image=&#8221;9877&#8243; css_animation=&#8221;none&#8221; parallax_content=&#8221;off&#8221; fadeout_row=&#8221;fadeout_row_value&#8221; fadeout_start_effect=&#8221;70&#8243; enable_overlay=&#8221;enable_overlay_value&#8221; overlay_color=&#8221;rgba(17,17,17,0.78)&#8221; seperator_enable=&#8221;off&#8221; css=&#8221;.vc_custom_1666882476935{margin-bottom: 0px !important;}&#8221;][vc_column][vc_custom_heading text=&#8221;Industries Pr\u00e9cision Plus inc.&#8221; font_container=&#8221;tag:h2|font_size:56|text_align:center|color:%23ffffff|line_height:74px&#8221; google_fonts=&#8221;font_family:Lato%3A100%2C100italic%2C300%2C300italic%2Cregular%2Citalic%2C700%2C700italic%2C900%2C900italic|font_style:400%20regular%3A400%3Anormal&#8221; css=&#8221;.vc_custom_1655789832898{margin-bottom: 15px !important;}&#8221;][vc_custom_heading text=&#8221;About Us&#8221; font_container=&#8221;tag:h2|text_align:center|color:%23ffffff&#8221; google_fonts=&#8221;font_family:Lato%3A100%2C100italic%2C300%2C300italic%2Cregular%2Citalic%2C700%2C700italic%2C900%2C900italic|font_style:400%20regular%3A400%3Anormal&#8221; css=&#8221;.vc_custom_1669063578417{padding-bottom: 30px !important;}&#8221;][\/vc_column][\/vc_row][vc_row css=&#8221;.vc_custom_1655790864261{margin-top: 50px !important;margin-bottom: 50px !important;}&#8221;][vc_column css_animation=&#8221;fadeInLeftBig&#8221; width=&#8221;2\/3&#8243; css=&#8221;.vc_custom_1605637828346{padding-right: 20px !important;padding-left: 10px !important;}&#8221;][vc_column_text]<\/p>\n<h3>Our entreprise<\/h3>\n<p><strong>Industries Precision Plus Inc is an enterprise specialised in the manufacturing of Steel Poles and a variety of steel pieces upon request.<\/strong><\/p>\n<p>Established in 1997, we were originally known by the name of Metal Plus. We have more than 25 years experience in the Electrical Lighting and Distribution Industries. This experience allows us to better understand the needs of our clients and enables us to help coordinate delivery and installation of products to the customer.<\/p>\n<p>In the spring of 2007, we doubled our Manufacturing plant and we acquired a new Industrial Oven for our Electrostatic Powder Coating process. This oven also permits us to powder coat pieces of large dimensions. Our new installations have enabled us to improve and increase our production as well as offer a superior quality product to our clients.<\/p>\n<p>Our new installations have enabled us to improve and increase our production as well as offer a superior quality product to our clients.<\/p>\n<p>We use the best technology available, including our steel laser cuts, our advanced welding equipment, and our durable powder paint procedure. All our products receive a steel jet sanding process before painting. We also offer on request, a Hot-dipped galvanized finish.<\/p>\n<p>Our manufacturing flexibility enables us to produce custom products to your required Engineering specifications.<\/p>\n<h3>Crane rental and installation of steel lamp posts<\/h3>\n<p>Since 2011, we are proud to offer our new Boom Truck Rental Service, for unloading and installing poles on site.<\/p>\n<p>Our welding operations are recognised and certified by the Canadian Welding Bureau (CWB) under the norms CSA W47.1 and CSA W59.1. Our products are CSA Certified.<\/p>\n<p>Our goal is to remain a reliable enterprise, dedicated to serving our customers. Recognised for our flexibility, the quality of our products and our exceptional customer service relations.<\/p>\n<p><strong>Industries Pr\u00e9cision Plus Inc<\/strong> is located at 1565 rue Jean Lachaine, in the Industrial Park of Ville de Ste-Catherine.<\/p>\n<p><strong>Sylvain Pelland<\/strong><br \/>\nPresident[\/vc_column_text][\/vc_column][vc_column css_animation=&#8221;fadeInRightBig&#8221; width=&#8221;1\/3&#8243; css=&#8221;.vc_custom_1605637833125{padding-right: 20px !important;padding-left: 10px !important;}&#8221;][vc_single_image image=&#8221;9782&#8243; img_size=&#8221;large&#8221; onclick=&#8221;link_image&#8221;][vc_single_image image=&#8221;9788&#8243; img_size=&#8221;large&#8221; onclick=&#8221;link_image&#8221;][vc_single_image image=&#8221;9785&#8243; img_size=&#8221;large&#8221; onclick=&#8221;link_image&#8221;][\/vc_column][\/vc_row]<\/p>\n<\/section>","protected":false},"excerpt":{"rendered":"<p>[vc_row full_width=&#8221;stretch_row&#8221; parallax=&#8221;content-moving-fade&#8221; parallax_image=&#8221;9877&#8243; css_animation=&#8221;none&#8221; parallax_content=&#8221;off&#8221; fadeout_row=&#8221;fadeout_row_value&#8221; fadeout_start_effect=&#8221;70&#8243; enable_overlay=&#8221;enable_overlay_value&#8221; overlay_color=&#8221;rgba(17,17,17,0.78)&#8221; seperator_enable=&#8221;off&#8221; css=&#8221;.vc_custom_1666882476935{margin-bottom: 0px !important;}&#8221;][vc_column][vc_custom_heading text=&#8221;Industries Pr\u00e9cision Plus inc.&#8221; font_container=&#8221;tag:h2|font_size:56|text_align:center|color:%23ffffff|line_height:74px&#8221; google_fonts=&#8221;font_family:Lato%3A100%2C100italic%2C300%2C300italic%2Cregular%2Citalic%2C700%2C700italic%2C900%2C900italic|font_style:400%20regular%3A400%3Anormal&#8221; css=&#8221;.vc_custom_1655789832898{margin-bottom: 15px !important;}&#8221;][vc_custom_heading text=&#8221;About Us&#8221; font_container=&#8221;tag:h2|text_align:center|color:%23ffffff&#8221; google_fonts=&#8221;font_family:Lato%3A100%2C100italic%2C300%2C300italic%2Cregular%2Citalic%2C700%2C700italic%2C900%2C900italic|font_style:400%20regular%3A400%3Anormal&#8221; css=&#8221;.vc_custom_1669063578417{padding-bottom: 30px !important;}&#8221;][\/vc_column][\/vc_row][vc_row css=&#8221;.vc_custom_1655790864261{margin-top: 50px !important;margin-bottom: 50px !important;}&#8221;][vc_column css_animation=&#8221;fadeInLeftBig&#8221; width=&#8221;2\/3&#8243; css=&#8221;.vc_custom_1605637828346{padding-right: 20px !important;padding-left: 10px !important;}&#8221;][vc_column_text] Our entreprise Industries Precision Plus Inc is an enterprise specialised in the manufacturing&#8230;<\/p>\n","protected":false},"author":1,"featured_media":0,"parent":0,"menu_order":0,"comment_status":"closed","ping_status":"closed","template":"","meta":{"footnotes":""},"class_list":["post-9937","page","type-page","status-publish","hentry"],"yoast_head":"<!-- This site is optimized with the Yoast SEO plugin v27.4 - https:\/\/yoast.com\/product\/yoast-seo-wordpress\/ -->\n<title>About Us - Industries Pr\u00e9cision Plus inc.<\/title>\n<meta name=\"robots\" content=\"index, follow, max-snippet:-1, max-image-preview:large, max-video-preview:-1\" \/>\n<link rel=\"canonical\" href=\"https:\/\/industriesprecisionplus.com\/en\/about-us\/\" \/>\n<meta property=\"og:locale\" content=\"en_US\" \/>\n<meta property=\"og:type\" content=\"article\" \/>\n<meta property=\"og:title\" content=\"About Us - Industries Pr\u00e9cision Plus inc.\" \/>\n<meta property=\"og:description\" content=\"[vc_row full_width=&#8221;stretch_row&#8221; parallax=&#8221;content-moving-fade&#8221; parallax_image=&#8221;9877&#8243; css_animation=&#8221;none&#8221; parallax_content=&#8221;off&#8221; fadeout_row=&#8221;fadeout_row_value&#8221; fadeout_start_effect=&#8221;70&#8243; enable_overlay=&#8221;enable_overlay_value&#8221; overlay_color=&#8221;rgba(17,17,17,0.78)&#8221; seperator_enable=&#8221;off&#8221; css=&#8221;.vc_custom_1666882476935{margin-bottom: 0px !important;}&#8221;][vc_column][vc_custom_heading text=&#8221;Industries Pr\u00e9cision Plus inc.&#8221; font_container=&#8221;tag:h2|font_size:56|text_align:center|color:%23ffffff|line_height:74px&#8221; google_fonts=&#8221;font_family:Lato%3A100%2C100italic%2C300%2C300italic%2Cregular%2Citalic%2C700%2C700italic%2C900%2C900italic|font_style:400%20regular%3A400%3Anormal&#8221; css=&#8221;.vc_custom_1655789832898{margin-bottom: 15px !important;}&#8221;][vc_custom_heading text=&#8221;About Us&#8221; font_container=&#8221;tag:h2|text_align:center|color:%23ffffff&#8221; google_fonts=&#8221;font_family:Lato%3A100%2C100italic%2C300%2C300italic%2Cregular%2Citalic%2C700%2C700italic%2C900%2C900italic|font_style:400%20regular%3A400%3Anormal&#8221; css=&#8221;.vc_custom_1669063578417{padding-bottom: 30px !important;}&#8221;][\/vc_column][\/vc_row][vc_row css=&#8221;.vc_custom_1655790864261{margin-top: 50px !important;margin-bottom: 50px !important;}&#8221;][vc_column css_animation=&#8221;fadeInLeftBig&#8221; width=&#8221;2\/3&#8243; css=&#8221;.vc_custom_1605637828346{padding-right: 20px !important;padding-left: 10px !important;}&#8221;][vc_column_text] Our entreprise Industries Precision Plus Inc is an enterprise specialised in the manufacturing...\" \/>\n<meta property=\"og:url\" content=\"https:\/\/industriesprecisionplus.com\/en\/about-us\/\" \/>\n<meta property=\"og:site_name\" content=\"Industries Pr\u00e9cision Plus inc.\" \/>\n<meta property=\"article:modified_time\" content=\"2022-11-21T20:48:10+00:00\" \/>\n<meta name=\"twitter:card\" content=\"summary_large_image\" \/>\n<meta name=\"twitter:label1\" content=\"Est. reading time\" \/>\n\t<meta name=\"twitter:data1\" content=\"2 minutes\" \/>\n<script type=\"application\/ld+json\" class=\"yoast-schema-graph\">{\"@context\":\"https:\\\/\\\/schema.org\",\"@graph\":[{\"@type\":\"WebPage\",\"@id\":\"https:\\\/\\\/industriesprecisionplus.com\\\/en\\\/about-us\\\/\",\"url\":\"https:\\\/\\\/industriesprecisionplus.com\\\/en\\\/about-us\\\/\",\"name\":\"About Us - Industries Pr\u00e9cision Plus inc.\",\"isPartOf\":{\"@id\":\"https:\\\/\\\/industriesprecisionplus.com\\\/#website\"},\"datePublished\":\"2022-11-11T03:15:17+00:00\",\"dateModified\":\"2022-11-21T20:48:10+00:00\",\"breadcrumb\":{\"@id\":\"https:\\\/\\\/industriesprecisionplus.com\\\/en\\\/about-us\\\/#breadcrumb\"},\"inLanguage\":\"en-US\",\"potentialAction\":[{\"@type\":\"ReadAction\",\"target\":[\"https:\\\/\\\/industriesprecisionplus.com\\\/en\\\/about-us\\\/\"]}]},{\"@type\":\"BreadcrumbList\",\"@id\":\"https:\\\/\\\/industriesprecisionplus.com\\\/en\\\/about-us\\\/#breadcrumb\",\"itemListElement\":[{\"@type\":\"ListItem\",\"position\":1,\"name\":\"Accueil\",\"item\":\"https:\\\/\\\/industriesprecisionplus.com\\\/en\\\/\"},{\"@type\":\"ListItem\",\"position\":2,\"name\":\"About Us\"}]},{\"@type\":\"WebSite\",\"@id\":\"https:\\\/\\\/industriesprecisionplus.com\\\/#website\",\"url\":\"https:\\\/\\\/industriesprecisionplus.com\\\/\",\"name\":\"Industries Pr\u00e9cision Plus inc.\",\"description\":\"Manufacturier de lampadaires d\u2019acier, installation, peinture industrielle en poudre \u00e9lectrostatique thermodurcissable, sablage au jet d\u2019acier et fabrication de pi\u00e8ces sur mesure destin\u00e9es \u00e0 l\u2019\u00e9clairage ext\u00e9rieur et int\u00e9rieur\",\"potentialAction\":[{\"@type\":\"SearchAction\",\"target\":{\"@type\":\"EntryPoint\",\"urlTemplate\":\"https:\\\/\\\/industriesprecisionplus.com\\\/?s={search_term_string}\"},\"query-input\":{\"@type\":\"PropertyValueSpecification\",\"valueRequired\":true,\"valueName\":\"search_term_string\"}}],\"inLanguage\":\"en-US\"}]}<\/script>\n<!-- \/ Yoast SEO plugin. -->","yoast_head_json":{"title":"About Us - Industries Pr\u00e9cision Plus inc.","robots":{"index":"index","follow":"follow","max-snippet":"max-snippet:-1","max-image-preview":"max-image-preview:large","max-video-preview":"max-video-preview:-1"},"canonical":"https:\/\/industriesprecisionplus.com\/en\/about-us\/","og_locale":"en_US","og_type":"article","og_title":"About Us - Industries Pr\u00e9cision Plus inc.","og_description":"[vc_row full_width=&#8221;stretch_row&#8221; parallax=&#8221;content-moving-fade&#8221; parallax_image=&#8221;9877&#8243; css_animation=&#8221;none&#8221; parallax_content=&#8221;off&#8221; fadeout_row=&#8221;fadeout_row_value&#8221; fadeout_start_effect=&#8221;70&#8243; enable_overlay=&#8221;enable_overlay_value&#8221; overlay_color=&#8221;rgba(17,17,17,0.78)&#8221; seperator_enable=&#8221;off&#8221; css=&#8221;.vc_custom_1666882476935{margin-bottom: 0px !important;}&#8221;][vc_column][vc_custom_heading text=&#8221;Industries Pr\u00e9cision Plus inc.&#8221; font_container=&#8221;tag:h2|font_size:56|text_align:center|color:%23ffffff|line_height:74px&#8221; google_fonts=&#8221;font_family:Lato%3A100%2C100italic%2C300%2C300italic%2Cregular%2Citalic%2C700%2C700italic%2C900%2C900italic|font_style:400%20regular%3A400%3Anormal&#8221; css=&#8221;.vc_custom_1655789832898{margin-bottom: 15px !important;}&#8221;][vc_custom_heading text=&#8221;About Us&#8221; font_container=&#8221;tag:h2|text_align:center|color:%23ffffff&#8221; google_fonts=&#8221;font_family:Lato%3A100%2C100italic%2C300%2C300italic%2Cregular%2Citalic%2C700%2C700italic%2C900%2C900italic|font_style:400%20regular%3A400%3Anormal&#8221; css=&#8221;.vc_custom_1669063578417{padding-bottom: 30px !important;}&#8221;][\/vc_column][\/vc_row][vc_row css=&#8221;.vc_custom_1655790864261{margin-top: 50px !important;margin-bottom: 50px !important;}&#8221;][vc_column css_animation=&#8221;fadeInLeftBig&#8221; width=&#8221;2\/3&#8243; css=&#8221;.vc_custom_1605637828346{padding-right: 20px !important;padding-left: 10px !important;}&#8221;][vc_column_text] Our entreprise Industries Precision Plus Inc is an enterprise specialised in the manufacturing...","og_url":"https:\/\/industriesprecisionplus.com\/en\/about-us\/","og_site_name":"Industries Pr\u00e9cision Plus inc.","article_modified_time":"2022-11-21T20:48:10+00:00","twitter_card":"summary_large_image","twitter_misc":{"Est. reading time":"2 minutes"},"schema":{"@context":"https:\/\/schema.org","@graph":[{"@type":"WebPage","@id":"https:\/\/industriesprecisionplus.com\/en\/about-us\/","url":"https:\/\/industriesprecisionplus.com\/en\/about-us\/","name":"About Us - Industries Pr\u00e9cision Plus inc.","isPartOf":{"@id":"https:\/\/industriesprecisionplus.com\/#website"},"datePublished":"2022-11-11T03:15:17+00:00","dateModified":"2022-11-21T20:48:10+00:00","breadcrumb":{"@id":"https:\/\/industriesprecisionplus.com\/en\/about-us\/#breadcrumb"},"inLanguage":"en-US","potentialAction":[{"@type":"ReadAction","target":["https:\/\/industriesprecisionplus.com\/en\/about-us\/"]}]},{"@type":"BreadcrumbList","@id":"https:\/\/industriesprecisionplus.com\/en\/about-us\/#breadcrumb","itemListElement":[{"@type":"ListItem","position":1,"name":"Accueil","item":"https:\/\/industriesprecisionplus.com\/en\/"},{"@type":"ListItem","position":2,"name":"About Us"}]},{"@type":"WebSite","@id":"https:\/\/industriesprecisionplus.com\/#website","url":"https:\/\/industriesprecisionplus.com\/","name":"Industries Pr\u00e9cision Plus inc.","description":"Manufacturier de lampadaires d\u2019acier, installation, peinture industrielle en poudre \u00e9lectrostatique thermodurcissable, sablage au jet d\u2019acier et fabrication de pi\u00e8ces sur mesure destin\u00e9es \u00e0 l\u2019\u00e9clairage ext\u00e9rieur et int\u00e9rieur","potentialAction":[{"@type":"SearchAction","target":{"@type":"EntryPoint","urlTemplate":"https:\/\/industriesprecisionplus.com\/?s={search_term_string}"},"query-input":{"@type":"PropertyValueSpecification","valueRequired":true,"valueName":"search_term_string"}}],"inLanguage":"en-US"}]}},"_links":{"self":[{"href":"https:\/\/industriesprecisionplus.com\/en\/wp-json\/wp\/v2\/pages\/9937","targetHints":{"allow":["GET"]}}],"collection":[{"href":"https:\/\/industriesprecisionplus.com\/en\/wp-json\/wp\/v2\/pages"}],"about":[{"href":"https:\/\/industriesprecisionplus.com\/en\/wp-json\/wp\/v2\/types\/page"}],"author":[{"embeddable":true,"href":"https:\/\/industriesprecisionplus.com\/en\/wp-json\/wp\/v2\/users\/1"}],"replies":[{"embeddable":true,"href":"https:\/\/industriesprecisionplus.com\/en\/wp-json\/wp\/v2\/comments?post=9937"}],"version-history":[{"count":0,"href":"https:\/\/industriesprecisionplus.com\/en\/wp-json\/wp\/v2\/pages\/9937\/revisions"}],"wp:attachment":[{"href":"https:\/\/industriesprecisionplus.com\/en\/wp-json\/wp\/v2\/media?parent=9937"}],"curies":[{"name":"wp","href":"https:\/\/api.w.org\/{rel}","templated":true}]}}