{"id":9042,"date":"2020-07-09T20:41:07","date_gmt":"2020-07-09T20:41:07","guid":{"rendered":"http:\/\/transportslacombe.com\/?page_id=9042"},"modified":"2022-11-22T19:57:16","modified_gmt":"2022-11-22T19:57:16","slug":"home","status":"publish","type":"page","link":"https:\/\/industriesprecisionplus.com\/en\/","title":{"rendered":"Home"},"content":{"rendered":"<section class=\"wpb-content-wrapper\"><style type=\"text\/css\" data-type=\"vc_cmsms_shortcodes-custom-css\"><\/style><p>[vc_row css_animation=&#8221;fadeIn&#8221; css=&#8221;.vc_custom_1667409283227{margin-top: 0px !important;margin-right: 0px !important;margin-bottom: 0px !important;margin-left: 0px !important;border-top-width: 0px !important;border-right-width: 0px !important;border-bottom-width: 0px !important;border-left-width: 0px !important;padding-top: 0px !important;padding-right: 0px !important;padding-bottom: 0px !important;padding-left: 0px !important;}&#8221;][vc_column css=&#8221;.vc_custom_1483001620974{margin-top: 0px !important;margin-right: 0px !important;margin-bottom: 0px !important;margin-left: 0px !important;border-top-width: 0px !important;border-right-width: 0px !important;border-bottom-width: 0px !important;border-left-width: 0px !important;padding-top: 0px !important;padding-right: 0px !important;padding-bottom: 0px !important;padding-left: 0px !important;}&#8221;][rev_slider_vc alias=&#8221;accueil-fr-11&#8243;][\/vc_column][\/vc_row][vc_row css=&#8221;.vc_custom_1655155630125{margin-top: 0px !important;border-top-width: 0px !important;padding-top: 40px !important;padding-bottom: 20px !important;}&#8221;][vc_column css_animation=&#8221;bounceInLeft&#8221; width=&#8221;1\/4&#8243; css=&#8221;.vc_custom_1655153692553{margin-bottom: 30px !important;border-right-width: 10px !important;border-left-width: 10px !important;padding-right: 30px !important;padding-left: 30px !important;background-color: #035c86 !important;background-position: center !important;background-repeat: no-repeat !important;background-size: cover !important;border-left-color: #ffffff !important;border-left-style: solid !important;border-right-color: #ffffff !important;border-right-style: solid !important;}&#8221; offset=&#8221;vc_col-md-3&#8243;][cmsms_icon_box icon_type=&#8221;image&#8221; uniqid=&#8221;cmsms_shcd_637c03276961b8_82762546&#8243; custom_typography=&#8221;true&#8221; box_settings=&#8221;true&#8221; title=&#8221;Industries Pr\u00e9cision Plus inc.&#8221; description=&#8221;A manufacturer of Steel Lamp Posts, Industries Pr\u00e9cision Plus Inc, specialises in the manufacturing of steel poles and steel pieces destined for Exterior and Interior Lighting Projects. We use an Industrial Electrostatic Powder Coat Paint and Steel Jet Sanding process.&#8221; title_color=&#8221;#ffffff&#8221; box_bg_color=&#8221;rgba(255,255,255,0.01)&#8221; icon_size=&#8221;35&#8243; icon_bg_color=&#8221;rgba(0,0,0,0.01)&#8221; icon_bd_color=&#8221;rgba(0,0,0,0.01)&#8221; icon_padding=&#8221;0&#8243; icon_border=&#8221;0&#8243; icon_gap=&#8221;20&#8243; css=&#8221;.vc_custom_1669071746117{padding-bottom: 0px !important;}&#8221; title_color_hover=&#8221;#ffffff&#8221; description_color=&#8221;#ffffff&#8221; icon_bd_radius=&#8221;0&#8243;][cmsms_button text=&#8221;READ MORE&#8221; style=&#8221;custom&#8221; alignment=&#8221;left&#8221; icon_alignment=&#8221;right&#8221; uniqid=&#8221;cmsms_shcd_637c0383b169c6_38529838&#8243; text_settings=&#8221;true&#8221; add_icon=&#8221;true&#8221; link=&#8221;url:%2Fen%2Fabout-us%2F&#8221; button_color=&#8221;#ffffff&#8221; button_bg_color=&#8221;rgba(255,255,255,0.01)&#8221; button_bd_color=&#8221;rgba(255,255,255,0.01)&#8221; button_color_hover=&#8221;rgba(255,255,255,0.7)&#8221; button_bg_color_hover=&#8221;rgba(255,255,255,0.01)&#8221; button_bd_color_hover=&#8221;rgba(255,255,255,0.01)&#8221; text_font_size=&#8221;14&#8243; button_padding=&#8221;0&#8243; button_bd_width=&#8221;0&#8243; button_bd_radius=&#8221;0&#8243; css=&#8221;.vc_custom_1669071788664{margin-top: -5px !important;margin-bottom: 30px !important;}&#8221; icon=&#8221;Theme-Default-Icons-arrow-big-right&#8221;][\/vc_column][vc_column css_animation=&#8221;fadeInDownBig&#8221; width=&#8221;1\/4&#8243; css=&#8221;.vc_custom_1614021635512{padding-top: 0px !important;padding-bottom: 30px !important;}&#8221; offset=&#8221;vc_col-md-3&#8243;][vc_column_text css=&#8221;.vc_custom_1669071825598{margin-bottom: 15px !important;padding-bottom: 0px !important;}&#8221;]<\/p>\n<h3 style=\"color: #000000;\">Sand<span style=\"color: #035c86;\">blasting<\/span><\/h3>\n<p>[\/vc_column_text][vc_single_image image=&#8221;9851&#8243; img_size=&#8221;&#8221; onclick=&#8221;custom_link&#8221; link=&#8221;\/en\/sandblasting\/&#8221; css=&#8221;.vc_custom_1669131058095{margin-bottom: 15px !important;}&#8221;][cmsms_button text=&#8221;Read more&#8221; style=&#8221;custom&#8221; alignment=&#8221;full_width&#8221; icon_alignment=&#8221;right&#8221; uniqid=&#8221;cmsms_shcd_637ceb6a76cff1_32852043&#8243; text_settings=&#8221;true&#8221; add_icon=&#8221;true&#8221; icon=&#8221;Theme-Default-Icons-arrow-small-right&#8221; text_font_size=&#8221;14&#8243; icon_size=&#8221;20&#8243; icon_gap=&#8221;2&#8243; link=&#8221;url:%2Fen%2Fsandblasting%2F&#8221; text_font_family=&#8221;font_family:Lato|font_call:Lato&#8221; button_color=&#8221;#ffffff&#8221; button_color_hover=&#8221;#eaeaea&#8221; button_bg_color=&#8221;#56a8ce&#8221; button_bg_color_hover=&#8221;#000000&#8243; button_bd_radius=&#8221;0px&#8221;][vc_column_text css=&#8221;.vc_custom_1669073258848{margin-top: 20px !important;margin-bottom: 13px !important;}&#8221;]The installation of our new facilities now enables us to sand items of large dimensions. Our Steel Jet blasting system uses totally recyclable 80 gauge steel grits.[\/vc_column_text][\/vc_column][vc_column css_animation=&#8221;fadeInDownBig&#8221; width=&#8221;1\/4&#8243; css=&#8221;.vc_custom_1590596629083{padding-top: 0px !important;padding-bottom: 30px !important;}&#8221; offset=&#8221;vc_col-md-3&#8243;][vc_column_text css=&#8221;.vc_custom_1669071862153{margin-bottom: 15px !important;padding-bottom: 0px !important;}&#8221;]<\/p>\n<h3 style=\"color: #000000;\">Painting <span style=\"color: #035c86;\">service<\/span><\/h3>\n<p>[\/vc_column_text][vc_single_image image=&#8221;9853&#8243; img_size=&#8221;&#8221; onclick=&#8221;custom_link&#8221; link=&#8221;\/en\/thermosetting-electrostatic-powder-coating\/&#8221; css=&#8221;.vc_custom_1669131069497{margin-bottom: 15px !important;}&#8221;][cmsms_button text=&#8221;Read more&#8221; style=&#8221;custom&#8221; alignment=&#8221;full_width&#8221; icon_alignment=&#8221;right&#8221; uniqid=&#8221;cmsms_shcd_637ceb6dde1116_33345796&#8243; text_settings=&#8221;true&#8221; add_icon=&#8221;true&#8221; icon=&#8221;Theme-Default-Icons-arrow-small-right&#8221; text_font_size=&#8221;14&#8243; icon_size=&#8221;20&#8243; icon_gap=&#8221;2&#8243; link=&#8221;url:%2Fen%2Fthermosetting-electrostatic-powder-coating%2F&#8221; text_font_family=&#8221;font_family:Lato|font_call:Lato&#8221; button_color=&#8221;#ffffff&#8221; button_color_hover=&#8221;#eaeaea&#8221; button_bg_color=&#8221;#56a8ce&#8221; button_bg_color_hover=&#8221;#000000&#8243; button_bd_radius=&#8221;0px&#8221;][vc_column_text css=&#8221;.vc_custom_1669073284583{margin-top: 20px !important;margin-bottom: 13px !important;}&#8221;]We are able to paint metal pieces of all kinds. Our new technology permits us to paint metal pieces of large dimensions.[\/vc_column_text][\/vc_column][vc_column css_animation=&#8221;fadeInDownBig&#8221; width=&#8221;1\/4&#8243; css=&#8221;.vc_custom_1655154740859{padding-top: 0px !important;padding-bottom: 30px !important;}&#8221; offset=&#8221;vc_col-md-3&#8243;][vc_column_text css=&#8221;.vc_custom_1669071892906{margin-bottom: 15px !important;padding-bottom: 0px !important;}&#8221;]<\/p>\n<h3 style=\"color: #000000;\">Crane <span style=\"color: #035c86;\">rental<\/span><\/h3>\n<p>[\/vc_column_text][vc_single_image image=&#8221;9855&#8243; img_size=&#8221;&#8221; onclick=&#8221;custom_link&#8221; link=&#8221;\/en\/crane-rental\/&#8221; css=&#8221;.vc_custom_1669131079023{margin-bottom: 15px !important;}&#8221;][cmsms_button text=&#8221;Read more&#8221; style=&#8221;custom&#8221; alignment=&#8221;full_width&#8221; icon_alignment=&#8221;right&#8221; uniqid=&#8221;cmsms_shcd_637ceb71ac19e0_20705558&#8243; text_settings=&#8221;true&#8221; add_icon=&#8221;true&#8221; icon=&#8221;Theme-Default-Icons-arrow-small-right&#8221; text_font_size=&#8221;14&#8243; icon_size=&#8221;20&#8243; icon_gap=&#8221;2&#8243; link=&#8221;url:%2Fen%2Fcrane-rental%2F&#8221; text_font_family=&#8221;font_family:Lato|font_call:Lato&#8221; button_color=&#8221;#ffffff&#8221; button_color_hover=&#8221;#eaeaea&#8221; button_bg_color=&#8221;#56a8ce&#8221; button_bg_color_hover=&#8221;#000000&#8243; button_bd_radius=&#8221;0px&#8221;][vc_column_text css=&#8221;.vc_custom_1669073390500{margin-top: 20px !important;margin-bottom: 13px !important;}&#8221;]Industries Pr\u00e9cision Plus Inc now offers, upon request, a boom truck rental pole installation service. Over and above our pole delivery service, we offers contractors the option of pole installation on site. [\/vc_column_text][\/vc_column][\/vc_row][vc_row full_width=&#8221;stretch_row&#8221; css=&#8221;.vc_custom_1655179506332{margin-top: 0px !important;border-top-width: 0px !important;padding-top: 20px !important;padding-bottom: 10px !important;background-color: #ededed !important;}&#8221;][vc_column][vc_custom_heading text=&#8221;Many products available&#8221; font_container=&#8221;tag:h1|font_size:35|text_align:center|color:%230a0a0a&#8221; use_theme_fonts=&#8221;yes&#8221; css_animation=&#8221;bounceInDown&#8221; css=&#8221;.vc_custom_1669073417850{margin-top: 0px !important;margin-bottom: 0px !important;}&#8221;][\/vc_column][\/vc_row][vc_row full_width=&#8221;stretch_row&#8221; css_animation=&#8221;none&#8221; css=&#8221;.vc_custom_1655179554723{margin-top: 0px !important;border-top-width: 0px !important;padding-top: 0px !important;padding-bottom: 60px !important;background-color: #ededed !important;}&#8221;][vc_column css_animation=&#8221;fadeInUpBig&#8221; width=&#8221;1\/3&#8243;][vc_single_image image=&#8221;9865&#8243; img_size=&#8221;full&#8221; onclick=&#8221;custom_link&#8221; css=&#8221;.vc_custom_1669131248287{margin-bottom: 10px !important;}&#8221; link=&#8221;\/en\/catalog\/#lampadaires&#8221;][vc_custom_heading text=&#8221;LAMP POSTS&#8221; font_container=&#8221;tag:h2|font_size:18px|text_align:center|color:%23035c86&#8243; google_fonts=&#8221;font_family:Lato%3A100%2C100italic%2C300%2C300italic%2Cregular%2Citalic%2C700%2C700italic%2C900%2C900italic|font_style:700%20bold%20regular%3A700%3Anormal&#8221; link=&#8221;url:%2Fen%2Fcatalog%2F%23lampadaires&#8221;][\/vc_column][vc_column css_animation=&#8221;fadeInUpBig&#8221; width=&#8221;1\/3&#8243;][vc_single_image image=&#8221;9838&#8243; img_size=&#8221;full&#8221; alignment=&#8221;center&#8221; onclick=&#8221;custom_link&#8221; css=&#8221;.vc_custom_1669131258863{margin-bottom: 10px !important;}&#8221; link=&#8221;\/en\/catalog\/#support-pour-lampadaires&#8221;][vc_custom_heading text=&#8221;BULLHORNS&#8221; font_container=&#8221;tag:h2|font_size:18px|text_align:center|color:%23035c86&#8243; google_fonts=&#8221;font_family:Lato%3A100%2C100italic%2C300%2C300italic%2Cregular%2Citalic%2C700%2C700italic%2C900%2C900italic|font_style:700%20bold%20regular%3A700%3Anormal&#8221; link=&#8221;url:%2Fen%2Fcatalog%2F%23support-pour-lampadaires&#8221;][\/vc_column][vc_column css_animation=&#8221;fadeInUpBig&#8221; width=&#8221;1\/3&#8243;][vc_single_image image=&#8221;9913&#8243; img_size=&#8221;full&#8221; alignment=&#8221;right&#8221; onclick=&#8221;custom_link&#8221; css=&#8221;.vc_custom_1669131270931{margin-bottom: 10px !important;}&#8221; link=&#8221;\/en\/catalog\/#accessoires&#8221;][vc_custom_heading text=&#8221;ACCESSORIES&#8221; font_container=&#8221;tag:h2|font_size:18px|text_align:center|color:%23035c86&#8243; google_fonts=&#8221;font_family:Lato%3A100%2C100italic%2C300%2C300italic%2Cregular%2Citalic%2C700%2C700italic%2C900%2C900italic|font_style:700%20bold%20regular%3A700%3Anormal&#8221; link=&#8221;url:%2Fen%2Fcatalog%2F%23accessoires&#8221;][\/vc_column][\/vc_row][vc_row full_width=&#8221;stretch_row&#8221; gap=&#8221;30&#8243; css_animation=&#8221;fadeInLeftBig&#8221; css=&#8221;.vc_custom_1655787290330{border-top-width: 1px !important;padding-top: 30px !important;padding-bottom: 30px !important;border-top-color: #e0e0e0 !important;border-top-style: solid !important;}&#8221;][vc_column css=&#8221;.vc_custom_1505723920505{padding-top: 0px !important;}&#8221; offset=&#8221;vc_hidden-xs&#8221;][vc_row_inner el_class=&#8221;motscles&#8221; css=&#8221;.vc_custom_1605626879438{margin-top: 50px !important;}&#8221;][vc_column_inner width=&#8221;1\/2&#8243;][vc_custom_heading text=&#8221;Certifications&#8221; font_container=&#8221;tag:h1|font_size:35|text_align:center|color:%230a0a0a&#8221; use_theme_fonts=&#8221;yes&#8221; css_animation=&#8221;none&#8221; css=&#8221;.vc_custom_1669073502752{margin-bottom: 20px !important;padding-top: 5px !important;}&#8221;][\/vc_column_inner][vc_column_inner width=&#8221;1\/2&#8243;][vc_custom_heading text=&#8221;Payment methods&#8221; font_container=&#8221;tag:h1|font_size:35|text_align:center|color:%230a0a0a&#8221; use_theme_fonts=&#8221;yes&#8221; css_animation=&#8221;none&#8221; css=&#8221;.vc_custom_1669073523367{margin-bottom: 20px !important;padding-top: 5px !important;}&#8221;][\/vc_column_inner][\/vc_row_inner][vc_row_inner el_class=&#8221;motscles&#8221; css=&#8221;.vc_custom_1655787744614{margin-top: 10px !important;}&#8221;][vc_column_inner width=&#8221;1\/4&#8243;][vc_single_image image=&#8221;9763&#8243; img_size=&#8221;full&#8221; alignment=&#8221;center&#8221;][\/vc_column_inner][vc_column_inner width=&#8221;1\/4&#8243;][vc_single_image image=&#8221;9765&#8243; img_size=&#8221;full&#8221; alignment=&#8221;center&#8221;][\/vc_column_inner][vc_column_inner width=&#8221;1\/4&#8243;][vc_single_image image=&#8221;9843&#8243; img_size=&#8221;full&#8221; alignment=&#8221;center&#8221;][\/vc_column_inner][vc_column_inner width=&#8221;1\/4&#8243;][vc_single_image image=&#8221;9841&#8243; img_size=&#8221;full&#8221; alignment=&#8221;center&#8221;][\/vc_column_inner][\/vc_row_inner][\/vc_column][\/vc_row][vc_row full_width=&#8221;stretch_row&#8221; gap=&#8221;15&#8243; css=&#8221;.vc_custom_1655783687687{border-top-width: 1px !important;padding-top: 20px !important;padding-bottom: 60px !important;background-color: #56a8ce !important;border-top-color: #e0e0e0 !important;border-top-style: solid !important;}&#8221;][vc_column css_animation=&#8221;fadeInLeftBig&#8221;][vc_custom_heading text=&#8221;You have questions?<br \/>\nContact us at 450-635-8685 or complete this form:&#8221; font_container=&#8221;tag:h2|font_size:26|text_align:center|color:%23ffffff&#8221; use_theme_fonts=&#8221;yes&#8221; css=&#8221;.vc_custom_1669073542166{padding-bottom: 10px !important;}&#8221;]\n<div class=\"wpcf7 no-js\" id=\"wpcf7-f8263-o1\" lang=\"en-US\" dir=\"ltr\" data-wpcf7-id=\"8263\">\n<div class=\"screen-reader-response\"><p role=\"status\" aria-live=\"polite\" aria-atomic=\"true\"><\/p> <ul><\/ul><\/div>\n<form action=\"\/en\/wp-json\/wp\/v2\/pages\/9042#wpcf7-f8263-o1\" method=\"post\" class=\"wpcf7-form init\" aria-label=\"Contact form\" novalidate=\"novalidate\" data-status=\"init\">\n<fieldset class=\"hidden-fields-container\"><input type=\"hidden\" name=\"_wpcf7\" value=\"8263\" \/><input type=\"hidden\" name=\"_wpcf7_version\" value=\"6.1.5\" \/><input type=\"hidden\" name=\"_wpcf7_locale\" value=\"en_US\" \/><input type=\"hidden\" name=\"_wpcf7_unit_tag\" value=\"wpcf7-f8263-o1\" \/><input type=\"hidden\" name=\"_wpcf7_container_post\" value=\"0\" \/><input type=\"hidden\" name=\"_wpcf7_posted_data_hash\" value=\"\" \/><input type=\"hidden\" name=\"_wpcf7_recaptcha_response\" value=\"\" \/>\n<\/fieldset>\n<p><label><span class=\"wpcf7-form-control-wrap\" data-name=\"your-name\"><input size=\"40\" maxlength=\"400\" class=\"wpcf7-form-control wpcf7-text wpcf7-validates-as-required\" aria-required=\"true\" aria-invalid=\"false\" placeholder=\"Votre nom *\" value=\"\" type=\"text\" name=\"your-name\" \/><\/span> <\/label>\n<\/p>\n<p><label><span class=\"wpcf7-form-control-wrap\" data-name=\"your-email\"><input size=\"40\" maxlength=\"400\" class=\"wpcf7-form-control wpcf7-email wpcf7-validates-as-required wpcf7-text wpcf7-validates-as-email\" aria-required=\"true\" aria-invalid=\"false\" placeholder=\"Courriel *\" value=\"\" type=\"email\" name=\"your-email\" \/><\/span> <\/label>\n<\/p>\n<p><label><span class=\"wpcf7-form-control-wrap\" data-name=\"your-phone\"><input size=\"40\" maxlength=\"400\" class=\"wpcf7-form-control wpcf7-text\" aria-invalid=\"false\" placeholder=\"T\u00e9l\u00e9phone\" value=\"\" type=\"text\" name=\"your-phone\" \/><\/span> <\/label>\n<\/p>\n<p><label><span class=\"wpcf7-form-control-wrap\" data-name=\"your-message\"><textarea cols=\"40\" rows=\"10\" maxlength=\"2000\" class=\"wpcf7-form-control wpcf7-textarea\" aria-invalid=\"false\" placeholder=\"Message \/ Questions\" name=\"your-message\"><\/textarea><\/span> <\/label>\n<\/p>\n<p><input class=\"wpcf7-form-control wpcf7-submit has-spinner\" type=\"submit\" value=\"Envoyer\" \/>\n<\/p><div class=\"wpcf7-response-output\" aria-hidden=\"true\"><\/div>\n<\/form>\n<\/div>\n[\/vc_column][\/vc_row]<\/p>\n<\/section>","protected":false},"excerpt":{"rendered":"<p>[vc_row css_animation=&#8221;fadeIn&#8221; css=&#8221;.vc_custom_1667409283227{margin-top: 0px !important;margin-right: 0px !important;margin-bottom: 0px !important;margin-left: 0px !important;border-top-width: 0px !important;border-right-width: 0px !important;border-bottom-width: 0px !important;border-left-width: 0px !important;padding-top: 0px !important;padding-right: 0px !important;padding-bottom: 0px !important;padding-left: 0px !important;}&#8221;][vc_column css=&#8221;.vc_custom_1483001620974{margin-top: 0px !important;margin-right: 0px !important;margin-bottom: 0px !important;margin-left: 0px !important;border-top-width: 0px !important;border-right-width: 0px !important;border-bottom-width: 0px !important;border-left-width: 0px !important;padding-top: 0px !important;padding-right: 0px !important;padding-bottom: 0px !important;padding-left: 0px !important;}&#8221;][rev_slider_vc alias=&#8221;accueil-fr-11&#8243;][\/vc_column][\/vc_row][vc_row css=&#8221;.vc_custom_1655155630125{margin-top: 0px&#8230;<\/p>\n","protected":false},"author":1,"featured_media":0,"parent":0,"menu_order":0,"comment_status":"closed","ping_status":"closed","template":"","meta":{"footnotes":""},"class_list":["post-9042","page","type-page","status-publish","hentry"],"yoast_head":"<!-- This site is optimized with the Yoast SEO plugin v27.4 - https:\/\/yoast.com\/product\/yoast-seo-wordpress\/ -->\n<title>Lamp post manufacturer (thermosetting electrostatic powder coating, sandblasting, crane rental) - Industries Pr\u00e9cision Plus inc.<\/title>\n<meta name=\"description\" content=\"Manufacturer of aluminum and metal parts, specializing in the manufacture and installation of steel lampposts as well as thermosetting electrostatic powder coating and sandblasting.\" \/>\n<meta name=\"robots\" content=\"index, follow, max-snippet:-1, max-image-preview:large, max-video-preview:-1\" \/>\n<link rel=\"canonical\" href=\"https:\/\/industriesprecisionplus.com\/en\/\" \/>\n<meta property=\"og:locale\" content=\"en_US\" \/>\n<meta property=\"og:type\" content=\"article\" \/>\n<meta property=\"og:title\" content=\"Lamp post manufacturer (thermosetting electrostatic powder coating, sandblasting, crane rental) - Industries Pr\u00e9cision Plus inc.\" \/>\n<meta property=\"og:description\" content=\"Manufacturer of aluminum and metal parts, specializing in the manufacture and installation of steel lampposts as well as thermosetting electrostatic powder coating and sandblasting.\" \/>\n<meta property=\"og:url\" content=\"https:\/\/industriesprecisionplus.com\/en\/\" \/>\n<meta property=\"og:site_name\" content=\"Industries Pr\u00e9cision Plus inc.\" \/>\n<meta property=\"article:modified_time\" content=\"2022-11-22T19:57:16+00:00\" \/>\n<meta name=\"twitter:card\" content=\"summary_large_image\" \/>\n<meta name=\"twitter:label1\" content=\"Est. reading time\" \/>\n\t<meta name=\"twitter:data1\" content=\"3 minutes\" \/>\n<script type=\"application\/ld+json\" class=\"yoast-schema-graph\">{\"@context\":\"https:\\\/\\\/schema.org\",\"@graph\":[{\"@type\":\"WebPage\",\"@id\":\"https:\\\/\\\/industriesprecisionplus.com\\\/en\\\/\",\"url\":\"https:\\\/\\\/industriesprecisionplus.com\\\/en\\\/\",\"name\":\"Lamp post manufacturer (thermosetting electrostatic powder coating, sandblasting, crane rental) - Industries Pr\u00e9cision Plus inc.\",\"isPartOf\":{\"@id\":\"https:\\\/\\\/industriesprecisionplus.com\\\/en\\\/#website\"},\"datePublished\":\"2020-07-09T20:41:07+00:00\",\"dateModified\":\"2022-11-22T19:57:16+00:00\",\"description\":\"Manufacturer of aluminum and metal parts, specializing in the manufacture and installation of steel lampposts as well as thermosetting electrostatic powder coating and sandblasting.\",\"breadcrumb\":{\"@id\":\"https:\\\/\\\/industriesprecisionplus.com\\\/en\\\/#breadcrumb\"},\"inLanguage\":\"en-US\",\"potentialAction\":[{\"@type\":\"ReadAction\",\"target\":[\"https:\\\/\\\/industriesprecisionplus.com\\\/en\\\/\"]}]},{\"@type\":\"BreadcrumbList\",\"@id\":\"https:\\\/\\\/industriesprecisionplus.com\\\/en\\\/#breadcrumb\",\"itemListElement\":[{\"@type\":\"ListItem\",\"position\":1,\"name\":\"Accueil\",\"item\":\"https:\\\/\\\/industriesprecisionplus.com\\\/en\\\/\"},{\"@type\":\"ListItem\",\"position\":2,\"name\":\"Home\"}]},{\"@type\":\"WebSite\",\"@id\":\"https:\\\/\\\/industriesprecisionplus.com\\\/en\\\/#website\",\"url\":\"https:\\\/\\\/industriesprecisionplus.com\\\/en\\\/\",\"name\":\"Industries Pr\u00e9cision Plus inc.\",\"description\":\"Manufacturier de lampadaires d\u2019acier, installation, peinture industrielle en poudre \u00e9lectrostatique thermodurcissable, sablage au jet d\u2019acier et fabrication de pi\u00e8ces sur mesure destin\u00e9es \u00e0 l\u2019\u00e9clairage ext\u00e9rieur et int\u00e9rieur\",\"potentialAction\":[{\"@type\":\"SearchAction\",\"target\":{\"@type\":\"EntryPoint\",\"urlTemplate\":\"https:\\\/\\\/industriesprecisionplus.com\\\/en\\\/?s={search_term_string}\"},\"query-input\":{\"@type\":\"PropertyValueSpecification\",\"valueRequired\":true,\"valueName\":\"search_term_string\"}}],\"inLanguage\":\"en-US\"}]}<\/script>\n<!-- \/ Yoast SEO plugin. -->","yoast_head_json":{"title":"Lamp post manufacturer (thermosetting electrostatic powder coating, sandblasting, crane rental) - Industries Pr\u00e9cision Plus inc.","description":"Manufacturer of aluminum and metal parts, specializing in the manufacture and installation of steel lampposts as well as thermosetting electrostatic powder coating and sandblasting.","robots":{"index":"index","follow":"follow","max-snippet":"max-snippet:-1","max-image-preview":"max-image-preview:large","max-video-preview":"max-video-preview:-1"},"canonical":"https:\/\/industriesprecisionplus.com\/en\/","og_locale":"en_US","og_type":"article","og_title":"Lamp post manufacturer (thermosetting electrostatic powder coating, sandblasting, crane rental) - Industries Pr\u00e9cision Plus inc.","og_description":"Manufacturer of aluminum and metal parts, specializing in the manufacture and installation of steel lampposts as well as thermosetting electrostatic powder coating and sandblasting.","og_url":"https:\/\/industriesprecisionplus.com\/en\/","og_site_name":"Industries Pr\u00e9cision Plus inc.","article_modified_time":"2022-11-22T19:57:16+00:00","twitter_card":"summary_large_image","twitter_misc":{"Est. reading time":"3 minutes"},"schema":{"@context":"https:\/\/schema.org","@graph":[{"@type":"WebPage","@id":"https:\/\/industriesprecisionplus.com\/en\/","url":"https:\/\/industriesprecisionplus.com\/en\/","name":"Lamp post manufacturer (thermosetting electrostatic powder coating, sandblasting, crane rental) - Industries Pr\u00e9cision Plus inc.","isPartOf":{"@id":"https:\/\/industriesprecisionplus.com\/en\/#website"},"datePublished":"2020-07-09T20:41:07+00:00","dateModified":"2022-11-22T19:57:16+00:00","description":"Manufacturer of aluminum and metal parts, specializing in the manufacture and installation of steel lampposts as well as thermosetting electrostatic powder coating and sandblasting.","breadcrumb":{"@id":"https:\/\/industriesprecisionplus.com\/en\/#breadcrumb"},"inLanguage":"en-US","potentialAction":[{"@type":"ReadAction","target":["https:\/\/industriesprecisionplus.com\/en\/"]}]},{"@type":"BreadcrumbList","@id":"https:\/\/industriesprecisionplus.com\/en\/#breadcrumb","itemListElement":[{"@type":"ListItem","position":1,"name":"Accueil","item":"https:\/\/industriesprecisionplus.com\/en\/"},{"@type":"ListItem","position":2,"name":"Home"}]},{"@type":"WebSite","@id":"https:\/\/industriesprecisionplus.com\/en\/#website","url":"https:\/\/industriesprecisionplus.com\/en\/","name":"Industries Pr\u00e9cision Plus inc.","description":"Manufacturier de lampadaires d\u2019acier, installation, peinture industrielle en poudre \u00e9lectrostatique thermodurcissable, sablage au jet d\u2019acier et fabrication de pi\u00e8ces sur mesure destin\u00e9es \u00e0 l\u2019\u00e9clairage ext\u00e9rieur et int\u00e9rieur","potentialAction":[{"@type":"SearchAction","target":{"@type":"EntryPoint","urlTemplate":"https:\/\/industriesprecisionplus.com\/en\/?s={search_term_string}"},"query-input":{"@type":"PropertyValueSpecification","valueRequired":true,"valueName":"search_term_string"}}],"inLanguage":"en-US"}]}},"_links":{"self":[{"href":"https:\/\/industriesprecisionplus.com\/en\/wp-json\/wp\/v2\/pages\/9042","targetHints":{"allow":["GET"]}}],"collection":[{"href":"https:\/\/industriesprecisionplus.com\/en\/wp-json\/wp\/v2\/pages"}],"about":[{"href":"https:\/\/industriesprecisionplus.com\/en\/wp-json\/wp\/v2\/types\/page"}],"author":[{"embeddable":true,"href":"https:\/\/industriesprecisionplus.com\/en\/wp-json\/wp\/v2\/users\/1"}],"replies":[{"embeddable":true,"href":"https:\/\/industriesprecisionplus.com\/en\/wp-json\/wp\/v2\/comments?post=9042"}],"version-history":[{"count":0,"href":"https:\/\/industriesprecisionplus.com\/en\/wp-json\/wp\/v2\/pages\/9042\/revisions"}],"wp:attachment":[{"href":"https:\/\/industriesprecisionplus.com\/en\/wp-json\/wp\/v2\/media?parent=9042"}],"curies":[{"name":"wp","href":"https:\/\/api.w.org\/{rel}","templated":true}]}}